{"id":3,"date":"2025-03-26T01:16:04","date_gmt":"2025-03-25T22:16:04","guid":{"rendered":"https:\/\/zerolatencyvr.fr\/cormeilles\/booking-jeu\/"},"modified":"2026-03-21T15:23:39","modified_gmt":"2026-03-21T14:23:39","slug":"booking","status":"publish","type":"page","link":"https:\/\/zerolatencyvr.fr\/cormeilles\/booking\/","title":{"rendered":"Booking"},"content":{"rendered":"<!--\u041a\u043e\u043b\u0438\u0447\u0435\u0441\u0442\u0432\u043e \u0441\u0435\u0441\u0441\u0438\u0439 - \u044d\u0442\u043e \u043a\u043e\u043b\u0438\u0447\u0435\u0441\u0442\u0432\u043e \u0442\u043e\u0432\u0430\u0440\u0430 \u0432 \u043a\u043e\u0440\u0437\u0438\u043d\u0435-->\n<div class=\"top-btns-container\">\n    <div class=\"text-center my-3 d-flex flex-wrap gap-3 top-btns-wrap\">\n                                <a href=\"https:\/\/zerolatencyvr.fr\/cormeilles\/cartes-cadeaux\" class=\"btn btn-outline-custom\"> <i class=\"fa-solid fa-gift\"><\/i>\n            <h5>Cartes-cadeaux<\/h5>\n        <\/a>\n            <\/div>\n<\/div>\n<div class=\"booking-container my-4\">\n    <div class=\"step-progress d-flex align-items-center justify-content-between white-container\" id=\"step-progress\">\n        <div id=\"step-1-indicator\" onclick=\"showStep(1)\" class=\"step-circle step-indicator zl-number active\">1<\/div>\n        <div class=\"step-line\"><\/div>\n        <div id=\"step-2-indicator\" onclick=\"showStep(2)\" class=\"step-circle step-indicator zl-number inactive\">2<\/div>\n        <div class=\"step-line\"><\/div>\n        <div id=\"step-3-indicator\" onclick=\"showStep(3)\" class=\"step-circle step-indicator zl-number inactive\">3<\/div>\n        <div class=\"step-line\"><\/div>\n        <div id=\"step-4-indicator\" onclick=\"showStep(4)\" class=\"step-circle step-indicator zl-number inactive\">4<\/div>\n        <div class=\"step-line\"><\/div>\n        <div id=\"step-5-indicator\" onclick=\"showStep(5)\" class=\"step-circle step-indicator zl-number inactive\">5<\/div>\n    <\/div>\n    <div id=\"message-container\" class=\"message-container\"><\/div>\n\n    <!-- step 1 -->\n    <div id=\"step-1\" class=\"white-container step-container game-container\">\n        <div class=\"step-header\">\n            <h4>Choisissez un jeu<\/h4>\n            <p>Chaque session de jeu comprend 30 minutes de gameplay et 10 minutes de briefing.<\/p>\n        <\/div>\n        <input type=\"radio\" name=\"game-sessions_count\" value=\"1\" style=\"display:none;\" checked>\n        <div class=\"game-options\" id=\"game-options\">\n            \n<div class=\"game-swiper-wrap mb-5\">\n    <div class=\"swiper-container pt-5 booking-games-swiper\">\n        <div class=\"nav-game-btns\">\n        <div class=\"swiper-button-prev th-swiper-button-prev\"><\/div>\n        <div class=\"swiper-button-next th-swiper-button-next\"><\/div>\n        <\/div>\n        <div class=\"swiper-wrapper\">\n                    <\/div>\n    <\/div>\n    <div style=\"display:none;\" class=\"selected-game\">JEU S\u00c9LECTIONN\u00c9: <h5 id=\"selectedGame\">\n            <\/h5>\n    <\/div>\n    <\/div>        <\/div>\n        <div class=\"next-btn-container\">\n            <button class=\"btn next-btn\" onclick=\"nextStep(2)\">Suivant<\/button>\n        <\/div>\n    <\/div>\n    <!-- step 1 end -->\n    <!-- step 2 -->\n    <div id=\"step-2\" class=\"white-container step-container\" style=\"display: none;\">\n        <div class=\"step-header\">\n            <h4 class=\"mt-4\">Choisissez le nombre de joueurs<\/h4>\n            <p>   Un minimum de 2 participants est requis.\n            <br> Nos exp\u00e9riences peuvent accueillir jusqu\u2019\u00e0 8 joueurs sur une ar\u00e8ne.             Pour toute r\u00e9servation au-del\u00e0 de ce nombre, veuillez <a href=\"https:\/\/zerolatencyvr.fr\/cormeilles\/contact\" class=\"contact-link\">nous contacter directement<\/a> \n             <!--<a href=\"\" class=\"contact-link\"><\/a>.--> \n                         <\/p>\n        <\/div>\n        <div class=\"player-counter my-3\">\n            <input type=\"hidden\" id=\"players-input\" name=\"player\" value=\"2\">\n            <span class=\"num-input-btn\" onclick=\"changePlayers(-1)\">-<\/span>\n            <span class=\"num-input-num\" id=\"players\">2<\/span>\n            <span class=\"num-input-btn\" onclick=\"changePlayers(1)\">+<\/span>\n        <\/div>\n        <div class=\"max-players-info\">\n             Max. <span class=\"max-players-number\">8<\/span> joueurs        <\/div>\n        <div class=\"next-btn-container\">\n            <button class=\"btn next-btn\" onclick=\"nextStep(3)\">Suivant<\/button>\n        <\/div>\n    <\/div>\n    <!-- step 2 end -->\n    <!-- step 3 -->\n    <div id=\"step-3\" class=\"white-container step-container\" style=\"display: none;\">\n        <div class=\"step-header\">\n            <h4 class=\"mt-4\">Choisissez la date et l\u2019heure<\/h4>\n            <p>Il est imp\u00e9ratif de vous pr\u00e9senter 30 minutes avant l\u2019heure de d\u00e9but de votre session.<\/p>\n        <\/div>\n        <div class=\"time-info-comtainer text-start\">\n            <div class=\"time-info\">\n                <img src=\"https:\/\/zerolatencyvr.fr\/cormeilles\/wp-content\/plugins\/oe-vr-parks\/assets\/images\/off-peak-color.svg\" alt=\"off peak\" loading=\"lazy\" decoding=\"async\">\n                <span>Heures creuses<\/span>\n            <\/div>\n            <div class=\"time-info\">\n                <img src=\"https:\/\/zerolatencyvr.fr\/cormeilles\/wp-content\/plugins\/oe-vr-parks\/assets\/images\/peak-color.svg\" alt=\"peak\" loading=\"lazy\" decoding=\"async\">\n                <span>Heures pleines<\/span>\n            <\/div>\n        <\/div>\n        <div class=\"row w-100 m-auto mb-1 text-center justify-content-center date-swiper\">\n            <div class=\"col-md-4 mb-2\">\n                <select class=\"form-control\" id=\"yearDropdown\">\n                    <option value=\"2026\" >2026<\/option><option value=\"2027\" selected>2027<\/option>                <\/select>\n            <\/div>\n            <input type=\"hidden\" name=\"game-date\" id=\"game-date-input\" value=\"\" required>\n            <div class=\"col-md-4 mb-2\">\n                <select class=\"form-control\" id=\"monthDropdown\">\n                    <option value=\"0\" >Janvier<\/option><option value=\"1\" >F\u00e9vrier<\/option><option value=\"2\" >Mars<\/option><option value=\"3\" selected>April<\/option><option value=\"4\" >Mai<\/option><option value=\"5\" >Juin<\/option><option value=\"6\" >Juillet<\/option><option value=\"7\" >August<\/option><option value=\"8\" >Septembre<\/option><option value=\"9\" >Octobre<\/option><option value=\"10\" >Novembre<\/option><option value=\"11\" >D\u00e9cembre<\/option>                <\/select>\n            <\/div>\n            <div class=\"col-md-12 mt-1\">\n                <div class=\"owl-carousel\" id=\"calendar-container\"><\/div>\n            <\/div>\n        <\/div>\n        <div id=\"selected-date\" class=\"date-display\" style=\"display:none;\"><\/div>\n         <div id=\"booking-choosed-room\" class=\"booking-choosed-room\" style=\"display:none;\"><\/div>\n        <div class=\"row mt-3 g-2\" id=\"time-selection\" class=\"time-selection\">\n\n             <input type=\"radio\" name=\"room\" style=\"display:none;\" data-room-title=\"Ar\u00e8ne 1\" data-max_players=\"8\" value=\"35\"> <input type=\"radio\" name=\"room\" style=\"display:none;\" data-room-title=\"Ar\u00e8ne 2\" data-max_players=\"8\" value=\"36\">           \n            <div class=\"time-slots\" id=\"game-time-slots\"> <\/div>\n        <\/div>\n        <div class=\"next-btn-container\">\n            <button class=\"btn next-btn\" onclick=\"nextStep(4)\">Suivant<\/button>\n        <\/div>\n    <\/div>\n    <!-- step 3 end -->\n\n    <!-- step 4 -->\n    <div id=\"step-4\" class=\"white-container step-container\" style=\"display: none;\">\n        <div class=\"step-header\">\n            <h4>Envie de jouer plus longtemps ?<\/h4>\n            <h4 class=\"color-blue\">\n                B\u00e9n\u00e9ficiez d\u2019une session suppl\u00e9mentaire \u00e0 tarif r\u00e9duit<\/h4>\n        <\/div>\n        <!--new-->\n        <div id=\"booking-choosed-room-2\" class=\"booking-choosed-room\" style=\"display:none;\"><\/div>\n        <div class=\"row mt-3 g-2\" id=\"time-selection-2\" class=\"time-selection\">\n             <input type=\"radio\" name=\"room_2\" data-room-title=\"Ar\u00e8ne 1\" data-max_players=\"8\" style=\"display:none;\" value=\"35\"> <input type=\"radio\" name=\"room_2\" data-room-title=\"Ar\u00e8ne 2\" data-max_players=\"8\" style=\"display:none;\" value=\"36\">            <div class=\"time-slots\" id=\"game-time-slots-2\"><\/div>\n        <\/div>\n        <div class=\"game-options\" id=\"game-options-2\">\n            \n<div class=\"game-swiper-wrap mb-5\">\n    <div class=\"swiper-container pt-5 booking-games-swiper\">\n        <div class=\"nav-game-btns\">\n        <div class=\"swiper-button-prev th-swiper-button-prev\"><\/div>\n        <div class=\"swiper-button-next th-swiper-button-next\"><\/div>\n        <\/div>\n        <div class=\"swiper-wrapper\">\n                    <\/div>\n    <\/div>\n<\/div>        <\/div>\n        <div class=\"next-btn-container\">\n            <button id=\"skip-game-2\" class=\"btn next-btn\"\n                onclick=\"skipSecondGame()\">Non, merci<\/button>\n        <\/div>\n    <\/div>\n    <!-- step 4 end -->\n    <!-- step 5 -->\n    <div id=\"step-5\" class=\"step-container\" style=\"display: none;\">\n        <div class=\"white-container\">\n            <div class=\"step-header\">\n                <h4 class=\"mt-4\">Choisissez votre option de paiement<\/h4>\n                <p>Si vous choisissez de verser un acompte, seule une place sera factur\u00e9e imm\u00e9diatement. Le solde restant devra \u00eatre r\u00e9gl\u00e9 sur place, avant le d\u00e9but de votre session.\nEn cas d&#039;absence le jour de la r\u00e9servation, le montant total de la prestation restera exigible.<\/p>\n            <\/div>\n            <div class=\"row justify-content-center gap-4 payment-type-container\">\n                <div class=\"payment-type\">\n                    <input id=\"full-payment\" type=\"radio\" name=\"payment\" class=\"payment-input\" value=\"full\" checked>\n                    <label for=\"full-payment\"><span>Paiement total<\/span><\/label>\n                <\/div>\n                <div class=\"payment-type\">\n                    <input id=\"deposit-payment\" type=\"radio\" name=\"payment\" class=\"payment-input\" value=\"deposit\">\n                    <label for=\"deposit-payment\"><span>Acompte<\/span><\/label>\n                <\/div>\n                            <\/div>\n        <\/div>\n        <div class=\"white-container  blue-border\">\n            <div class=\"step-header\">\n                <h4 class=\"blue-text\">R\u00e9sum\u00e9<\/h4>\n            <\/div>\n\n            <div class=\"summary-content d-flex flex-column gap-4\">\n                                <div class=\"summary-content-1 row gap-4\" >\n                    <div class=\"summary-image summary-elem col-md-6\">\n                                                <div class=\"game-img-wrapper\">\n                        <img decoding=\"async\" class=\"game-img\" id=\"summary-img-1\" src=\"\" alt=\"VR Game\">\n                                                <img decoding=\"async\" class=\"game-logo-overlay\" id=\"summary-logo-1\" src=\"\" alt=\"VR Game Logo\">\n                                                <\/div>\n                                            <\/div>\n                    <div class=\"summary-details summary-elem col\">\n                        <div class=\"summary-details-content\">\n                            <div class=\"summ-info\">\n                                <h6>Exp\u00e9rience<\/h6>\n                                <p><span id=\"summary-game-1\">                                        <\/span>\n                                <\/p>\n                            <\/div>\n                            <div class=\"summ-info\" style=\"display:block;\">\n                                <h6>Lieu<\/h6>\n                                <p> Zero Latency ZERO LATENCY VR CORMEILLES <span id=\"summary-room-1\"><\/span><\/p>\n                            <\/div>\n                            <div class=\"summ-info\">\n                                <h6>Joueurs<\/h6>\n                                <p><span id=\"summary-players-1\">2<\/span> joueurs<\/p>\n                            <\/div>\n                            <div class=\"summ-info\">\n                                <h6>Date<\/h6>\n                                <p><span id=\"summary-date-1\"><\/span><\/p>\n                            <\/div>\n                            <div class=\"summ-info\">\n                                <h6>Heure de la session<\/h6>\n                                <p><span id=\"summary-time-1\"><\/span><\/p>\n                            <\/div>\n                            <div class=\"summ-total\">\n                                <div>Prix total du jeu: <span class=\"summary-price\"\n                                        id=\"total-game-price-1\"><\/span><\/div>\n                            <\/div>\n                        <\/div>\n                    <\/div>\n                <\/div>\n                                <div class=\"summary-content-2 row gap-4\" style=\"display:none;\">\n                    <div class=\"summary-image summary-elem col-md-6\">\n                                                <div class=\"game-img-wrapper\">\n                        <img decoding=\"async\" class=\"game-img\" id=\"summary-img-2\" src=\"\" alt=\"VR Game\">\n                                                <img decoding=\"async\" class=\"game-logo-overlay\" id=\"summary-logo-2\" src=\"\" alt=\"VR Game Logo\">\n                                                <\/div>\n                                            <\/div>\n                    <div class=\"summary-details summary-elem col\">\n                        <div class=\"summary-details-content\">\n                            <div class=\"summ-info\">\n                                <h6>Exp\u00e9rience<\/h6>\n                                <p><span id=\"summary-game-2\">                                        <\/span>\n                                <\/p>\n                            <\/div>\n                            <div class=\"summ-info\" style=\"display:block;\">\n                                <h6>Lieu<\/h6>\n                                <p> Zero Latency ZERO LATENCY VR CORMEILLES <span id=\"summary-room-2\"><\/span><\/p>\n                            <\/div>\n                            <div class=\"summ-info\">\n                                <h6>Joueurs<\/h6>\n                                <p><span id=\"summary-players-2\">2<\/span> joueurs<\/p>\n                            <\/div>\n                            <div class=\"summ-info\">\n                                <h6>Date<\/h6>\n                                <p><span id=\"summary-date-2\"><\/span><\/p>\n                            <\/div>\n                            <div class=\"summ-info\">\n                                <h6>Heure de la session<\/h6>\n                                <p><span id=\"summary-time-2\"><\/span><\/p>\n                            <\/div>\n                            <div class=\"summ-total\">\n                                <div>Prix total du jeu: <span class=\"summary-price\"\n                                        id=\"total-game-price-2\"><\/span><\/div>\n                            <\/div>\n                        <\/div>\n                    <\/div>\n                <\/div>\n                                <div class=\"row gap-4 w-100 summary-total-wrap\">\n                <div class=\"col-md-6\">   <\/div>\n                <div class=\"summ-total summ-total-total summary-details-content col\">\n                    <h6>Total: <span class=\"summary-price\" id=\"total-price\"><\/span><\/h6>\n                <\/div>\n                <\/div>\n                <div class=\"next-btn-container\">\n                    <a href=\"#\" class=\"btn btn-custom\" id=\"checkout-btn\">Paiement<\/a>\n                <\/div>\n            <\/div>\n\n        <\/div>\n    <\/div>\n    <!-- step 5 end -->\n<\/div>\n","protected":false},"excerpt":{"rendered":"","protected":false},"author":2,"featured_media":0,"parent":0,"menu_order":0,"comment_status":"closed","ping_status":"closed","template":"block-width-page.php","meta":{"_glsr_average":0,"_glsr_ranking":0,"_glsr_reviews":0,"footnotes":""},"class_list":["post-3","page","type-page","status-publish","hentry"],"jetpack_sharing_enabled":true,"_links":{"self":[{"href":"https:\/\/zerolatencyvr.fr\/cormeilles\/wp-json\/wp\/v2\/pages\/3","targetHints":{"allow":["GET"]}}],"collection":[{"href":"https:\/\/zerolatencyvr.fr\/cormeilles\/wp-json\/wp\/v2\/pages"}],"about":[{"href":"https:\/\/zerolatencyvr.fr\/cormeilles\/wp-json\/wp\/v2\/types\/page"}],"author":[{"embeddable":true,"href":"https:\/\/zerolatencyvr.fr\/cormeilles\/wp-json\/wp\/v2\/users\/2"}],"replies":[{"embeddable":true,"href":"https:\/\/zerolatencyvr.fr\/cormeilles\/wp-json\/wp\/v2\/comments?post=3"}],"version-history":[{"count":18,"href":"https:\/\/zerolatencyvr.fr\/cormeilles\/wp-json\/wp\/v2\/pages\/3\/revisions"}],"predecessor-version":[{"id":2541,"href":"https:\/\/zerolatencyvr.fr\/cormeilles\/wp-json\/wp\/v2\/pages\/3\/revisions\/2541"}],"wp:attachment":[{"href":"https:\/\/zerolatencyvr.fr\/cormeilles\/wp-json\/wp\/v2\/media?parent=3"}],"curies":[{"name":"wp","href":"https:\/\/api.w.org\/{rel}","templated":true}]}}