{"id":4,"date":"2025-03-26T01:16:04","date_gmt":"2025-03-25T22:16:04","guid":{"rendered":"https:\/\/zerolatencyvr.fr\/cormeilles\/booking-evenements\/"},"modified":"2026-03-10T00:59:33","modified_gmt":"2026-03-09T23:59:33","slug":"booking-evenements","status":"publish","type":"page","link":"https:\/\/zerolatencyvr.fr\/cormeilles\/booking-evenements\/","title":{"rendered":"R\u00e9servation d&#8217;\u00e9v\u00e8nements VR"},"content":{"rendered":"\n<div class=\"white-container step-container \">\n        <div class=\"step-header\">\n        <h4>Choisissez un Pack \u00c9v\u00e9nement<\/h4>\n        <p>Chaque session de jeu comprend 30 minutes de gameplay et 10 minutes de briefing.        <\/p>\n    <\/div>\n    <input type=\"radio\" name=\"game-sessions_count\" value=\"1\" style=\"display:none;\" checked>\n    <div class=\"game-options\" id=\"game-options\">\n        <div class=\"game-swiper-wrap my-5\">\n            <div class=\"swiper-container booking-games-swiper booking-events-swiper\">\n                <div class=\"swiper-wrapper\">\n                    \n<div class=\"swiper-slide\">\n        <input type=\"radio\" class=\"radio-session-pack-input\" id=\"session_pack_456\"\n        data-title=\"1 session\" onclick=\"selectSessionPack(this)\" name=\"session_pack\"\n        value=\"456\" data-sessions=\"1\" data-price=\"279\" checked=\"checked\" checked>\n            <label for=\"session_pack_456\">\n        <div class=\"sessions-card text-center\">\n            <div class=\"session-pack-img-wraper\">\n                <img decoding=\"async\" class=\"session-pack-img\" src=\"https:\/\/zerolatencyvr.fr\/cormeilles\/wp-content\/uploads\/sites\/6\/2025\/05\/product-img.png\"\n                    alt=\"1 session\">\n            <\/div>\n            <div class=\"session-pack-info\">\n                <h5 class=\"session-pack-title\">1 session<\/h5>\n                                <div class=\"details\">\n                    <h4 class=\"price-info\">279 \u20ac<\/h4>\n                <\/div>\n            <\/div>\n        <\/div>\n    <\/label>\n<\/div>\n<div class=\"swiper-slide\">\n        <input type=\"radio\" class=\"radio-session-pack-input\" id=\"session_pack_450\"\n        data-title=\"1 session\" onclick=\"selectSessionPack(this)\" name=\"session_pack\"\n        value=\"450\" data-sessions=\"1\" data-price=\"279\" >\n            <label for=\"session_pack_450\">\n        <div class=\"sessions-card text-center\">\n            <div class=\"session-pack-img-wraper\">\n                <img decoding=\"async\" class=\"session-pack-img\" src=\"https:\/\/zerolatencyvr.fr\/cormeilles\/wp-content\/uploads\/sites\/6\/2025\/05\/product-img.png\"\n                    alt=\"1 session\">\n            <\/div>\n            <div class=\"session-pack-info\">\n                <h5 class=\"session-pack-title\">1 session<\/h5>\n                                <div class=\"details\">\n                    <h4 class=\"price-info\">279 \u20ac<\/h4>\n                <\/div>\n            <\/div>\n        <\/div>\n    <\/label>\n<\/div>\n<div class=\"swiper-slide\">\n        <input type=\"radio\" class=\"radio-session-pack-input\" id=\"session_pack_1980\"\n        data-title=\"2 sessions\" onclick=\"selectSessionPack(this)\" name=\"session_pack\"\n        value=\"1980\" data-sessions=\"2\" data-price=\"389\" >\n            <label for=\"session_pack_1980\">\n        <div class=\"sessions-card text-center\">\n            <div class=\"session-pack-img-wraper\">\n                <img decoding=\"async\" class=\"session-pack-img\" src=\"https:\/\/zerolatencyvr.fr\/cormeilles\/wp-content\/uploads\/sites\/6\/2026\/02\/2-sessions.png\"\n                    alt=\"2 sessions\">\n            <\/div>\n            <div class=\"session-pack-info\">\n                <h5 class=\"session-pack-title\">2 sessions<\/h5>\n                                <div class=\"details\">\n                    <h4 class=\"price-info\">389 \u20ac<\/h4>\n                <\/div>\n            <\/div>\n        <\/div>\n    <\/label>\n<\/div>\n<div class=\"swiper-slide\">\n        <input type=\"radio\" class=\"radio-session-pack-input\" id=\"session_pack_452\"\n        data-title=\"2 sessions\" onclick=\"selectSessionPack(this)\" name=\"session_pack\"\n        value=\"452\" data-sessions=\"2\" data-price=\"429\" >\n            <label for=\"session_pack_452\">\n        <div class=\"sessions-card text-center\">\n            <div class=\"session-pack-img-wraper\">\n                <img decoding=\"async\" class=\"session-pack-img\" src=\"https:\/\/zerolatencyvr.fr\/cormeilles\/wp-content\/uploads\/sites\/6\/2025\/05\/product-img-1.png\"\n                    alt=\"2 sessions\">\n            <\/div>\n            <div class=\"session-pack-info\">\n                <h5 class=\"session-pack-title\">2 sessions<\/h5>\n                                <div class=\"details\">\n                    <h4 class=\"price-info\">429 \u20ac<\/h4>\n                <\/div>\n            <\/div>\n        <\/div>\n    <\/label>\n<\/div>\n<div class=\"swiper-slide\">\n        <input type=\"radio\" class=\"radio-session-pack-input\" id=\"session_pack_2050\"\n        data-title=\"1 session\" onclick=\"selectSessionPack(this)\" name=\"session_pack\"\n        value=\"2050\" data-sessions=\"1\" data-price=\"159\" >\n            <label for=\"session_pack_2050\">\n        <div class=\"sessions-card text-center\">\n            <div class=\"session-pack-img-wraper\">\n                <img decoding=\"async\" class=\"session-pack-img\" src=\"https:\/\/zerolatencyvr.fr\/cormeilles\/wp-content\/uploads\/sites\/6\/2026\/02\/product-img.png\"\n                    alt=\"1 session\">\n            <\/div>\n            <div class=\"session-pack-info\">\n                <h5 class=\"session-pack-title\">1 session<\/h5>\n                                <div class=\"details\">\n                    <h4 class=\"price-info\">159 \u20ac<\/h4>\n                <\/div>\n            <\/div>\n        <\/div>\n    <\/label>\n<\/div>\n<div class=\"swiper-slide\">\n        <input type=\"radio\" class=\"radio-session-pack-input\" id=\"session_pack_457\"\n        data-title=\"2 sessions\" onclick=\"selectSessionPack(this)\" name=\"session_pack\"\n        value=\"457\" data-sessions=\"2\" data-price=\"429\" >\n            <label for=\"session_pack_457\">\n        <div class=\"sessions-card text-center\">\n            <div class=\"session-pack-img-wraper\">\n                <img decoding=\"async\" class=\"session-pack-img\" src=\"https:\/\/zerolatencyvr.fr\/cormeilles\/wp-content\/uploads\/sites\/6\/2025\/05\/product-img-1.png\"\n                    alt=\"2 sessions\">\n            <\/div>\n            <div class=\"session-pack-info\">\n                <h5 class=\"session-pack-title\">2 sessions<\/h5>\n                                <div class=\"details\">\n                    <h4 class=\"price-info\">429 \u20ac<\/h4>\n                <\/div>\n            <\/div>\n        <\/div>\n    <\/label>\n<\/div>                <\/div>\n                <div class=\"selected-game upper-text\" style=\"display:none;\">\n                    Selected pack: <h5 id=\"selectedGame\"><\/h5>\n                <\/div>\n            <\/div>\n        <\/div>\n    <\/div>\n<\/div>\n\n<div class=\"white-container step-container\">\n          <div class=\"step-header\">\n        <h4 class=\"mt-4\">choisissez la Date et l\u2019Heure<\/h4>\n        <p>S\u00e9lectionnez la date et l\u2019heure de votre \u00e9v\u00e9nement<\/p>\n    <\/div>\n    <div class=\"row w-100 m-auto mb-1 text-center justify-content-center date-swiper\">\n        <div class=\"col-md-4 mb-2\">\n            <select class=\"form-control\" id=\"yearDropdown\">\n                <option value=\"2026\" >2026<\/option><option value=\"2027\" selected>2027<\/option>            <\/select>\n        <\/div>\n        <input type=\"hidden\" name=\"game-date\" id=\"event-date-input\" value=\"\" required>\n        <div class=\"col-md-4 mb-2\">\n            <select class=\"form-control\" id=\"monthDropdown\">\n                <option value=\"0\" >Janvier<\/option><option value=\"1\" >F\u00e9vrier<\/option><option value=\"2\" >Mars<\/option><option value=\"3\" selected>April<\/option><option value=\"4\" >Mai<\/option><option value=\"5\" >Juin<\/option><option value=\"6\" >Juillet<\/option><option value=\"7\" >August<\/option><option value=\"8\" >Septembre<\/option><option value=\"9\" >Octobre<\/option><option value=\"10\" >Novembre<\/option><option value=\"11\" >D\u00e9cembre<\/option>            <\/select>\n        <\/div>\n        <div class=\"col-md-12 mt-1\">\n            <div class=\"owl-carousel\" id=\"calendar-container\"><\/div>\n        <\/div>\n    <\/div>\n    <div id=\"selected-date\" class=\"date-display\" style=\"display:none;\"><\/div>\n    <div class=\"row mt-3 g-2\" id=\"time-selection\" class=\"time-selection\">\n         <input type=\"radio\" name=\"room\" style=\"display:none;\" value=\"35\"> <input type=\"radio\" name=\"room\" style=\"display:none;\" value=\"36\">\n        <div class=\"time-slots\" id=\"event-time-slots\"> <\/div>\n    <\/div>\n<\/div>\n<div id=\"message-container\"><\/div>\n<div class=\"white-container blue-border position-relative\"  id=\"summary-container\" style=\"display:none;\">\n    <div class=\"step-header\">\n        <h4 class=\"blue-text text-center mb-5\">R\u00e9sum\u00e9<\/h4>\n    <\/div>\n\n    <div class=\"summary-content d-flex flex-column gap-4\" >\n        <div class=\"summary-content-1 row gap-4\">\n            <div class=\"summary-image summary-elem col-md-6\">\n                  <div class=\"session-pack-img-wraper\" id=\"summary-img\"> \n                                        <img decoding=\"async\" class=\"session-pack-img\" src=\"https:\/\/zerolatencyvr.fr\/cormeilles\/wp-content\/uploads\/sites\/6\/2025\/05\/product-img.png\" alt=\"Session pack\"><div class=\"summary-pack-title\"><h5>1 session<\/h5><\/div>\n                                  <\/div>\n            <\/div>\n            <div class=\"summary-details summary-elem col\">\n                <div class=\"summary-details-content\">\n                    <div class=\"summ-info\">\n                        <h6>Exp\u00e9rience<\/h6>\n                        <p><span id=\"summary-session-pack\">1 session<\/span>\n                        <\/p>\n                    <\/div>\n                    <div class=\"summ-info\" style=\"display:block;\">\n                        <h6>Lieu<\/h6>\n                        <p> <span>BAT A - ZAC LES BOIS ROCHEFORT, 1 BOULEVARD DU PARISIS<br><br>95240 CORMEILLES-EN-PARISIS<\/span><\/p>\n                    <\/div>\n                    <div class=\"summ-info\">\n                        <h6>Date<\/h6>\n                        <p><span id=\"summary-date\"><\/span><\/p>\n                    <\/div>\n                    <div class=\"summ-info\">\n                        <h6>Heure de la session<\/h6>\n                        <p><span id=\"summary-time\"><\/span><\/p>\n                    <\/div>\n                <\/div>\n            <\/div>\n        <\/div>\n\n        <div class=\"row gap-4 w-100 summary-total-wrap\">\n            <div class=\"col-md-6\"> <\/div>\n            <div class=\"summ-total summ-total-total summary-details-content col\">\n                <h6>Total: <span class=\"summary-price\"\n                        id=\"total-price\">279 \u20ac<\/span><\/h6>\n            <\/div>\n        <\/div>\n        <div class=\"next-btn-container\">\n            <a href=\"#\" class=\"btn btn-custom\"\n                id=\"checkout-btn\">Paiement<\/a>\n        <\/div>\n    <\/div>\n\n<\/div>\n\n","protected":false},"excerpt":{"rendered":"","protected":false},"author":2,"featured_media":0,"parent":0,"menu_order":0,"comment_status":"closed","ping_status":"closed","template":"block-width-page.php","meta":{"_glsr_average":0,"_glsr_ranking":0,"_glsr_reviews":0,"footnotes":""},"class_list":["post-4","page","type-page","status-publish","hentry"],"jetpack_sharing_enabled":true,"_links":{"self":[{"href":"https:\/\/zerolatencyvr.fr\/cormeilles\/wp-json\/wp\/v2\/pages\/4","targetHints":{"allow":["GET"]}}],"collection":[{"href":"https:\/\/zerolatencyvr.fr\/cormeilles\/wp-json\/wp\/v2\/pages"}],"about":[{"href":"https:\/\/zerolatencyvr.fr\/cormeilles\/wp-json\/wp\/v2\/types\/page"}],"author":[{"embeddable":true,"href":"https:\/\/zerolatencyvr.fr\/cormeilles\/wp-json\/wp\/v2\/users\/2"}],"replies":[{"embeddable":true,"href":"https:\/\/zerolatencyvr.fr\/cormeilles\/wp-json\/wp\/v2\/comments?post=4"}],"version-history":[{"count":4,"href":"https:\/\/zerolatencyvr.fr\/cormeilles\/wp-json\/wp\/v2\/pages\/4\/revisions"}],"predecessor-version":[{"id":2492,"href":"https:\/\/zerolatencyvr.fr\/cormeilles\/wp-json\/wp\/v2\/pages\/4\/revisions\/2492"}],"wp:attachment":[{"href":"https:\/\/zerolatencyvr.fr\/cormeilles\/wp-json\/wp\/v2\/media?parent=4"}],"curies":[{"name":"wp","href":"https:\/\/api.w.org\/{rel}","templated":true}]}}