{"id":420,"date":"2025-05-07T19:33:51","date_gmt":"2025-05-07T16:33:51","guid":{"rendered":"https:\/\/zerolatencyvr.fr\/cormeilles\/?page_id=420"},"modified":"2025-05-07T19:33:51","modified_gmt":"2025-05-07T16:33:51","slug":"cartes-cadeaux","status":"publish","type":"page","link":"https:\/\/zerolatencyvr.fr\/cormeilles\/cartes-cadeaux\/","title":{"rendered":"Cartes cadeaux"},"content":{"rendered":"\n<div class=\"container\">\n    <div class=\"content-title text-center\">\n        <h1 class=\"h2\"> <span class=\"mc-title-bp\">Cartes-Cadeaux<\/span><\/h1>\n        <p>Offrez \u00e0 quelqu\u2019un de sp\u00e9cial le cadeau d\u2019une exp\u00e9rience inoubliable        <\/p>\n    <\/div>\n    <div class=\"top-btns-container\">\n    <div class=\"text-center my-3 d-flex flex-wrap gap-3 top-btns-wrap\">\n                <a href=\"https:\/\/zerolatencyvr.fr\/cormeilles\/booking\" class=\"btn btn-outline-custom\"><i\n                class=\"fa-regular fa-calendar-check\"><\/i>\n            <h5>R\u00e9servation<\/h5>\n        <\/a>\n                            <\/div>\n<\/div>        <form action=\"\" method=\"post\" id=\"gift-card-form\" class=\"gift-card-form\">\n        <input type=\"hidden\" id=\"_wpnonce\" name=\"_wpnonce\" value=\"ee6a0d91fd\" \/><input type=\"hidden\" name=\"_wp_http_referer\" value=\"\/cormeilles\/wp-json\/wp\/v2\/pages\/420\" \/>        <input type=\"hidden\" name=\"product_id\" value=\"425\">\n        <div class=\"gift-cards-container-wrap\">\n            <div class=\"white-container gift-cards-container\">\n                <div class=\"row flex-wrap gap-4\">\n                    <div class=\"col-md-6\">\n                        <div class=\"zl-title-container gc-container-title mb-5\">\n                            <h2>\n                                Le meilleur <span class=\"mc-title-bp\">cadeau<\/span>                            <\/h2>\n                            <h4>OFFREZ d\u00e8s maintenant l\u2019exp\u00e9rience VR ultime!<\/h4>\n                            <p>Vous ne savez pas quoi offrir ? Offrez le jeu et le FUN!                            <\/p>\n                        <\/div>\n                    <\/div>\n                    <div class=\"col-md-12 content-cards flex-column-reverse row\">\n                        <div class=\"gift-card gift-card-1 blue-container\">\n                            <h5 class=\"text-center bg-white w-100\">\n                                Cartes cadeau ZERO LATENCY VR \u2014 <br>\n                                le cadeau de l&#039;inoubliable<\/h5>\n                            <div class=\"gift-card-1-list gift-card-list\">\n                                <div class=\"card-1-list-elem d-flex gap-2\">\n                                    <img class=\"gift-card-1-icon\"\n                                        src=\"https:\/\/zerolatencyvr.fr\/cormeilles\/wp-content\/plugins\/oe-vr-parks\/assets\/images\/nimbus_gift-card.svg\"\n                                        alt=\"Gift Card\" loading=\"lazy\" decoding=\"async\">\n                                    <span>La carte cadeau ZERO LATENCY VR est une carte virtuelle envoy\u00e9e num\u00e9riquement par e-mail<\/span>\n                                <\/div>\n                                <div class=\"gift-card-1-list-elem d-flex gap-2\">\n                                    <img class=\"gift-card-1-icon\"\n                                        src=\"https:\/\/zerolatencyvr.fr\/cormeilles\/wp-content\/plugins\/oe-vr-parks\/assets\/images\/vpn-key.svg\"\n                                        alt=\"Gift Card\" loading=\"lazy\" decoding=\"async\">\n                                    <span>Le propri\u00e9taire utilise le code priv\u00e9 de la carte cadeau lors de la r\u00e9servation<\/span>\n                                <\/div>\n                                <div class=\"gift-card-1-list-elem d-flex gap-2\">\n                                    <img class=\"gift-card-1-icon\"\n                                        src=\"https:\/\/zerolatencyvr.fr\/cormeilles\/wp-content\/plugins\/oe-vr-parks\/assets\/images\/grommet-validate.svg\"\n                                        alt=\"Gift Card\" loading=\"lazy\" decoding=\"async\">\n                                    <span>La carte cadeau est valable pendant 18 mois \u00e0 partir de la date d&#039;achat.<\/span>\n                                <\/div>\n                            <\/div>\n                        <\/div>\n                        <div class=\"gift-card-2-wrap gift-card-wrap\">\n                            \n<div class=\"gift-card gift-card-2 img-gift-card position-relative\" >\n    <img decoding=\"async\" class=\"gift-card-img\" src=\"https:\/\/zerolatencyvr.fr\/cormeilles\/wp-content\/plugins\/oe-vr-parks\/assets\/images\/gift-card-img-2.webp\"\n        alt=\"Gift card ZL\">\n    <img decoding=\"async\" class=\"gift-card-bow\" src=\"https:\/\/zerolatencyvr.fr\/cormeilles\/wp-content\/plugins\/oe-vr-parks\/assets\/images\/gift-card-bow.svg\"\n        alt=\"Gift card ZL\">\n    <div class=\"gift-card-content\">\n        <img decoding=\"async\" class=\"gift-card-logo\" src=\"https:\/\/zerolatencyvr.fr\/cormeilles\/wp-content\/plugins\/oe-vr-parks\/assets\/images\/gift-card-logo.svg\"\n            alt=\"Gift card ZL\">\n        <span class=\"zl-price gift-card-price\">\n            <span class=\"price-number\">XXX<\/span>\n            <span class=\"price-currency\">\u20ac<\/span>\n        <\/span>\n        <div class=\"gift-card-info\">\n            <h5>ZERO LATENCY VR CORMEILLES<\/h5>\n            <p><span>Date d\u2019expiration: mm\/dd\/aaaa<\/span><br>\n                <span>Code: xxx xxx xxx<\/span>\n            <\/p>\n        <\/div>\n        <div class=\"gift-card-title\">\n            <h4>Carte-Cadeau<\/h4>\n        <\/div>\n    <\/div>\n<\/div>                        <\/div>\n\n                        <div class=\"gift-card-3-wrap gift-card-wrap\">\n                            \n<div class=\"gift-card gift-card-3 img-gift-card position-relative\" >\n    <img decoding=\"async\" class=\"gift-card-img\" src=\"https:\/\/zerolatencyvr.fr\/cormeilles\/wp-content\/plugins\/oe-vr-parks\/assets\/images\/gift-card-img-3.webp\"\n        alt=\"Gift card ZL\">\n    <img decoding=\"async\" class=\"gift-card-bow\" src=\"https:\/\/zerolatencyvr.fr\/cormeilles\/wp-content\/plugins\/oe-vr-parks\/assets\/images\/gift-card-bow.svg\"\n        alt=\"Gift card ZL\">\n    <div class=\"gift-card-content\">\n        <img decoding=\"async\" class=\"gift-card-logo\" src=\"https:\/\/zerolatencyvr.fr\/cormeilles\/wp-content\/plugins\/oe-vr-parks\/assets\/images\/gift-card-logo.svg\"\n            alt=\"Gift card ZL\">\n        <span class=\"zl-price gift-card-price\">\n            <span class=\"price-number\">XXX<\/span>\n            <span class=\"price-currency\">\u20ac<\/span>\n        <\/span>\n        <div class=\"gift-card-info\">\n            <h5>ZERO LATENCY VR CORMEILLES<\/h5>\n            <p><span>Date d\u2019expiration: mm\/dd\/aaaa<\/span><br>\n                <span>Code: xxx xxx xxx<\/span>\n            <\/p>\n        <\/div>\n        <div class=\"gift-card-title\">\n            <h4>Carte-Cadeau<\/h4>\n        <\/div>\n    <\/div>\n<\/div>                        <\/div>\n                    <\/div>\n\n                    <div class=\"col-md-5 text-center choose-amount-container\">\n                        <div class=\"select-amount-title\">\n                            <h5 class=\"text-center\">Choisissez un montant<\/h5>\n                        <\/div>\n                        <div class=\"amount-buttons d-flex flex-wrap justify-content-center gap-3\">\n                            <a href=\"#\" class=\"select-amount-btn\"><span>5<\/span>\u20ac<\/a>\n                            <a href=\"#\" class=\"select-amount-btn\"><span>10<\/span>\u20ac<\/a>\n                            <a href=\"#\" class=\"select-amount-btn\"><span>15<\/span>\u20ac<\/a>\n                            <a href=\"#\" class=\"select-amount-btn\"><span>20<\/span>\u20ac<\/a>\n                            <a href=\"#\" class=\"select-amount-btn\"><span>25<\/span>\u20ac<\/a>\n                            <a href=\"#\" class=\"select-amount-btn\"><span>30<\/span>\u20ac<\/a>\n                            <a href=\"#\" class=\"select-amount-btn\"><span>35<\/span>\u20ac<\/a>\n                            <a href=\"#\" class=\"select-amount-btn\"><span>40<\/span>\u20ac<\/a>\n                        <\/div>\n                        <div id=\"gc-amount-sum\" class=\"amount-sum num-input-wrap\">\n                            <input type=\"hidden\" name=\"amount\" value=\"1\">\n                            <span class=\"num-input-btn\" onclick=\"changeNum(this, -1)\">\u2212<\/span>\n                            <input type=\"text\" class=\"num-input-num\" id=\"sum\" value=\"1 \u20ac\"\n                                oninput=\"updateHiddenAmount(this)\" required>\n                            <span class=\"num-input-btn\" onclick=\"changeNum(this, 1)\">+<\/span>\n                        <\/div>\n                        <div class=\"choose-amount-info\">Autre montant<\/div>\n                    <\/div>\n                <\/div>\n            <\/div>\n\n            <!--form-->\n            <div class=\"recipient-container-wrap\" data-logged-in=\"0\"\n                data-user-email=\"\">\n                <div class=\"white-container text-center recipient-container\">\n                    <div class=\"recipient-contant\">\n                        <div class=\"recipient-data-header\">\n                            <h4 class=\"mt-4\">\n                                Choisissez qui recevra la carte-cadeau                            <\/h4>\n                        <\/div>\n                        <div class=\"row justify-content-center gap-4 recipient-type-container my-5\">\n                            <div class=\"recipient-type\">\n                                <input id=\"other-recipient\" type=\"radio\" name=\"recipient\" class=\"recipient-input\"\n                                    value=\"other\" checked required>\n                                <label for=\"other-recipient\"><span>Envoyer la carte au destinataire                                    <\/span><\/label>\n                            <\/div>\n                            <div class=\"recipient-type\">\n                                <input id=\"user-recipient\" type=\"radio\" name=\"recipient\" class=\"recipient-input\"\n                                    value=\"user\" required>\n                                <label\n                                    for=\"user-recipient\"><span>Envoyer la carte \u00e0 moi<\/span><\/label>\n                            <\/div>\n                        <\/div>\n                        <div class=\"recipient-data-form\">\n                            <h5 class=\"text-start mt-5 mb-4 recipient-info-title\">\n                                Informations du destinataire                            <\/h5>\n                            <div class=\"recipient-form rounded-4 abs-btn-container\">\n                                <div class=\"mb-3\">\n                                    <p>\n                                        <input size=\"40\" maxlength=\"400\" class=\"form-control\"\n                                            placeholder=\"E-mail*\" value=\"\"\n                                            type=\"email\" name=\"email\" required>\n                                    <\/p>\n                                <\/div>\n                                <div class=\"mb-3\">\n                                    <p>\n                                        <input size=\"40\" maxlength=\"400\" class=\"form-control\"\n                                            placeholder=\"Pr\u00e9nom\" value=\"\"\n                                            type=\"text\" name=\"first-name\">\n                                    <\/p>\n                                <\/div>\n                                <div class=\"mb-4\">\n                                    <p>\n                                        <textarea cols=\"40\" rows=\"6\" maxlength=\"250\" class=\"form-control\"\n                                            placeholder=\"Message personnalis\u00e9 (optionnel)\"\n                                            name=\"message\"><\/textarea>\n                                    <\/p>\n                                <\/div>\n                            <\/div>\n                        <\/div>\n                    <\/div>\n                <\/div>\n                <div class=\"white-container summary-container blue-border position-relative\" style=\"display:none;\">\n                    <div class=\"summary-header\">\n                        <h4 class=\"blue-text text-center mb-3\">R\u00e9sum\u00e9<\/h4>\n                    <\/div>\n                    <div class=\"summary-content d-flex flex-column gap-4\">\n                        <div class=\"summary-content-1 row gap-4\">\n                            <div class=\"summary-image summary-elem col-md-6\">\n                                <div class=\"summary-img-wrapper\">\n                                    \n<div class=\"gift-card gift-card-2 img-gift-card position-relative\" >\n    <img decoding=\"async\" class=\"gift-card-img\" src=\"https:\/\/zerolatencyvr.fr\/cormeilles\/wp-content\/plugins\/oe-vr-parks\/assets\/images\/gift-card-img-3.webp\"\n        alt=\"Gift card ZL\">\n    <img decoding=\"async\" class=\"gift-card-bow\" src=\"https:\/\/zerolatencyvr.fr\/cormeilles\/wp-content\/plugins\/oe-vr-parks\/assets\/images\/gift-card-bow.svg\"\n        alt=\"Gift card ZL\">\n    <div class=\"gift-card-content\">\n        <img decoding=\"async\" class=\"gift-card-logo\" src=\"https:\/\/zerolatencyvr.fr\/cormeilles\/wp-content\/plugins\/oe-vr-parks\/assets\/images\/gift-card-logo.svg\"\n            alt=\"Gift card ZL\">\n        <span class=\"zl-price gift-card-price\">\n            <span class=\"price-number\">XXX<\/span>\n            <span class=\"price-currency\">\u20ac<\/span>\n        <\/span>\n        <div class=\"gift-card-info\">\n            <h5>ZERO LATENCY VR CORMEILLES<\/h5>\n            <p><span>Date d\u2019expiration: 20\/04\/2027<\/span><br>\n                <span>Code: xxx xxx xxx<\/span>\n            <\/p>\n        <\/div>\n        <div class=\"gift-card-title\">\n            <h4>Carte-Cadeau<\/h4>\n        <\/div>\n    <\/div>\n<\/div>                                <\/div>\n                            <\/div>\n                            <div class=\"summary-details summary-elem col\">\n                                <div class=\"summary-details-content\">\n                                    <div class=\"summ-info\">\n                                        <h6>Produit<\/h6>\n                                        <p>Carte-cadeau<br>(amount:\n                                            <span id=\"summary-gc-info\"><\/span>\u20ac)\n                                        <\/p>\n                                    <\/div>\n                                    <div class=\"summ-info\" style=\"display:block;\">\n                                        <h6>Lieu<\/h6>\n                                        <p> <span>BAT A - ZAC LES BOIS ROCHEFORT, 1 BOULEVARD DU PARISIS<br><br>95240 CORMEILLES-EN-PARISIS<\/span><\/p>\n                                    <\/div>\n                                    <div class=\"summ-info\">\n                                        <h6>Expiration date<\/h6>\n                                        <p><span id=\"summary-exp-info\">20 avril 2027<\/span><\/p>\n                                    <\/div>\n\n                                    <div class=\"summ-total\">\n                                        <h6>Total: <span class=\"summary-price\"\n                                                id=\"total-gc-price\"><\/span><\/h6>\n                                    <\/div>\n                                <\/div>\n                            <\/div>\n                        <\/div>\n                        <div class=\"checkout-btn-container\">\n                            <button href=\"#\" type=\"submit\" class=\"btn btn-custom\"\n                                id=\"checkout-btn\">Paiement<\/button>\n                        <\/div>\n                    <\/div>\n\n                <\/div>\n            <\/div>\n            <!--form-->\n        <\/div>\n    <\/form>\n<\/div>\n","protected":false},"excerpt":{"rendered":"","protected":false},"author":2,"featured_media":0,"parent":0,"menu_order":0,"comment_status":"closed","ping_status":"closed","template":"","meta":{"_glsr_average":0,"_glsr_ranking":0,"_glsr_reviews":0,"footnotes":""},"class_list":["post-420","page","type-page","status-publish","hentry"],"jetpack_sharing_enabled":true,"_links":{"self":[{"href":"https:\/\/zerolatencyvr.fr\/cormeilles\/wp-json\/wp\/v2\/pages\/420","targetHints":{"allow":["GET"]}}],"collection":[{"href":"https:\/\/zerolatencyvr.fr\/cormeilles\/wp-json\/wp\/v2\/pages"}],"about":[{"href":"https:\/\/zerolatencyvr.fr\/cormeilles\/wp-json\/wp\/v2\/types\/page"}],"author":[{"embeddable":true,"href":"https:\/\/zerolatencyvr.fr\/cormeilles\/wp-json\/wp\/v2\/users\/2"}],"replies":[{"embeddable":true,"href":"https:\/\/zerolatencyvr.fr\/cormeilles\/wp-json\/wp\/v2\/comments?post=420"}],"version-history":[{"count":2,"href":"https:\/\/zerolatencyvr.fr\/cormeilles\/wp-json\/wp\/v2\/pages\/420\/revisions"}],"predecessor-version":[{"id":422,"href":"https:\/\/zerolatencyvr.fr\/cormeilles\/wp-json\/wp\/v2\/pages\/420\/revisions\/422"}],"wp:attachment":[{"href":"https:\/\/zerolatencyvr.fr\/cormeilles\/wp-json\/wp\/v2\/media?parent=420"}],"curies":[{"name":"wp","href":"https:\/\/api.w.org\/{rel}","templated":true}]}}