{"id":107,"date":"2025-04-06T22:56:17","date_gmt":"2025-04-06T19:56:17","guid":{"rendered":"https:\/\/zerolatencyvr.fr\/cormeilles\/?post_type=product&#038;p=107"},"modified":"2026-04-09T20:41:49","modified_gmt":"2026-04-09T19:41:49","slug":"outbreak","status":"publish","type":"product","link":"https:\/\/zerolatencyvr.fr\/cormeilles\/games\/outbreak\/","title":{"rendered":"OutBreak"},"excerpt":{"rendered":"Tout en combattant des meutes de morts-vivants. Vous gardez un centre de recherche. \u00c0 l\u2019int\u00e9rieur se trouve le seul rem\u00e8de contre le myst\u00e9rieux virus zombie qui a infect\u00e9 le monde entier. Mais un ennemi obscur a d\u2019autres projets\u2026 Lorsque le laboratoire fait l\u2019objet d\u2019un acte de sabotage, c\u2019est \u00e0 votre \u00e9quipe de s\u2019unir et de [&hellip;]","protected":false},"featured_media":108,"comment_status":"open","ping_status":"closed","template":"","meta":{"_glsr_average":0,"_glsr_ranking":0,"_glsr_reviews":0},"product_brand":[],"product_cat":[142],"product_tag":[],"class_list":{"0":"post-107","1":"product","2":"type-product","3":"status-publish","4":"has-post-thumbnail","6":"product_cat-jeu-cooperation-aventure","8":"first","9":"instock","10":"featured","11":"shipping-taxable","12":"purchasable","13":"product-type-game"},"jetpack_sharing_enabled":true,"_links":{"self":[{"href":"https:\/\/zerolatencyvr.fr\/cormeilles\/wp-json\/wp\/v2\/product\/107","targetHints":{"allow":["GET"]}}],"collection":[{"href":"https:\/\/zerolatencyvr.fr\/cormeilles\/wp-json\/wp\/v2\/product"}],"about":[{"href":"https:\/\/zerolatencyvr.fr\/cormeilles\/wp-json\/wp\/v2\/types\/product"}],"replies":[{"embeddable":true,"href":"https:\/\/zerolatencyvr.fr\/cormeilles\/wp-json\/wp\/v2\/comments?post=107"}],"wp:featuredmedia":[{"embeddable":true,"href":"https:\/\/zerolatencyvr.fr\/cormeilles\/wp-json\/wp\/v2\/media\/108"}],"wp:attachment":[{"href":"https:\/\/zerolatencyvr.fr\/cormeilles\/wp-json\/wp\/v2\/media?parent=107"}],"wp:term":[{"taxonomy":"product_brand","embeddable":true,"href":"https:\/\/zerolatencyvr.fr\/cormeilles\/wp-json\/wp\/v2\/product_brand?post=107"},{"taxonomy":"product_cat","embeddable":true,"href":"https:\/\/zerolatencyvr.fr\/cormeilles\/wp-json\/wp\/v2\/product_cat?post=107"},{"taxonomy":"product_tag","embeddable":true,"href":"https:\/\/zerolatencyvr.fr\/cormeilles\/wp-json\/wp\/v2\/product_tag?post=107"}],"curies":[{"name":"wp","href":"https:\/\/api.w.org\/{rel}","templated":true}]}}