{"id":118,"date":"2025-04-07T12:27:15","date_gmt":"2025-04-07T09:27:15","guid":{"rendered":"https:\/\/zerolatencyvr.fr\/cormeilles\/?post_type=product&#038;p=118"},"modified":"2026-04-09T20:43:09","modified_gmt":"2026-04-09T19:43:09","slug":"singularity","status":"publish","type":"product","link":"https:\/\/zerolatencyvr.fr\/cormeilles\/games\/singularity\/","title":{"rendered":"Singularity"},"excerpt":{"rendered":"Une station spatiale militaire secr\u00e8te a disparu. Vous et votre \u00e9quipe devez monter sur ce truc et enqu\u00eater. Aucun signe de vie d\u00e9tect\u00e9\u2026 de vie humaine en tout cas. EXPLORER L&#8217;INCONNUVotre voyage dans l\u2019espace commence, mais les r\u00e9ponses que vous trouverez vous m\u00e8neront-elles \u00e0 votre perte ? Vos bottes de gravit\u00e9 vous permettront peut-\u00eatre de [&hellip;]","protected":false},"featured_media":119,"comment_status":"open","ping_status":"closed","template":"","meta":{"_glsr_average":0,"_glsr_ranking":0,"_glsr_reviews":0},"product_brand":[],"product_cat":[4],"product_tag":[],"class_list":{"0":"post-118","1":"product","2":"type-product","3":"status-publish","4":"has-post-thumbnail","6":"product_cat-jeu-cooperation-aventure-fr-fr","8":"first","9":"instock","10":"shipping-taxable","11":"purchasable","12":"product-type-game"},"jetpack_sharing_enabled":true,"_links":{"self":[{"href":"https:\/\/zerolatencyvr.fr\/cormeilles\/wp-json\/wp\/v2\/product\/118","targetHints":{"allow":["GET"]}}],"collection":[{"href":"https:\/\/zerolatencyvr.fr\/cormeilles\/wp-json\/wp\/v2\/product"}],"about":[{"href":"https:\/\/zerolatencyvr.fr\/cormeilles\/wp-json\/wp\/v2\/types\/product"}],"replies":[{"embeddable":true,"href":"https:\/\/zerolatencyvr.fr\/cormeilles\/wp-json\/wp\/v2\/comments?post=118"}],"wp:featuredmedia":[{"embeddable":true,"href":"https:\/\/zerolatencyvr.fr\/cormeilles\/wp-json\/wp\/v2\/media\/119"}],"wp:attachment":[{"href":"https:\/\/zerolatencyvr.fr\/cormeilles\/wp-json\/wp\/v2\/media?parent=118"}],"wp:term":[{"taxonomy":"product_brand","embeddable":true,"href":"https:\/\/zerolatencyvr.fr\/cormeilles\/wp-json\/wp\/v2\/product_brand?post=118"},{"taxonomy":"product_cat","embeddable":true,"href":"https:\/\/zerolatencyvr.fr\/cormeilles\/wp-json\/wp\/v2\/product_cat?post=118"},{"taxonomy":"product_tag","embeddable":true,"href":"https:\/\/zerolatencyvr.fr\/cormeilles\/wp-json\/wp\/v2\/product_tag?post=118"}],"curies":[{"name":"wp","href":"https:\/\/api.w.org\/{rel}","templated":true}]}}