{"id":1191,"date":"2025-12-03T15:18:51","date_gmt":"2025-12-03T14:18:51","guid":{"rendered":"https:\/\/zerolatencyvr.fr\/cormeilles\/?post_type=product&#038;p=1191"},"modified":"2026-04-09T20:42:05","modified_gmt":"2026-04-09T19:42:05","slug":"outbreak-2-mall-mayhem","status":"publish","type":"product","link":"https:\/\/zerolatencyvr.fr\/cormeilles\/games\/outbreak-2-mall-mayhem\/","title":{"rendered":"OutBreak 2 Mall Mayhem"},"excerpt":{"rendered":"Es-tu pr\u00eat \u00e0 replonger dans le chaos, \u00e0 retourner l\u00e0 o\u00f9 tout a commenc\u00e9 dans Outbreak ? L\u2019apocalypse a trouv\u00e9 un nouveau terrain de jeu : le centre commercial. Et il grouille de zombies mutants. Du sol au plafond. C\u2019est le chaos total. C\u2019est la folie pure. Pourras-tu survivre \u00e0 ce d\u00e9cha\u00eenement ?\u00a0","protected":false},"featured_media":1211,"comment_status":"open","ping_status":"closed","template":"","meta":{"_glsr_average":0,"_glsr_ranking":0,"_glsr_reviews":0},"product_brand":[],"product_cat":[142],"product_tag":[],"class_list":{"0":"post-1191","1":"product","2":"type-product","3":"status-publish","4":"has-post-thumbnail","6":"product_cat-jeu-cooperation-aventure","8":"first","9":"instock","10":"featured","11":"shipping-taxable","12":"purchasable","13":"product-type-game"},"jetpack_sharing_enabled":true,"_links":{"self":[{"href":"https:\/\/zerolatencyvr.fr\/cormeilles\/wp-json\/wp\/v2\/product\/1191","targetHints":{"allow":["GET"]}}],"collection":[{"href":"https:\/\/zerolatencyvr.fr\/cormeilles\/wp-json\/wp\/v2\/product"}],"about":[{"href":"https:\/\/zerolatencyvr.fr\/cormeilles\/wp-json\/wp\/v2\/types\/product"}],"replies":[{"embeddable":true,"href":"https:\/\/zerolatencyvr.fr\/cormeilles\/wp-json\/wp\/v2\/comments?post=1191"}],"wp:featuredmedia":[{"embeddable":true,"href":"https:\/\/zerolatencyvr.fr\/cormeilles\/wp-json\/wp\/v2\/media\/1211"}],"wp:attachment":[{"href":"https:\/\/zerolatencyvr.fr\/cormeilles\/wp-json\/wp\/v2\/media?parent=1191"}],"wp:term":[{"taxonomy":"product_brand","embeddable":true,"href":"https:\/\/zerolatencyvr.fr\/cormeilles\/wp-json\/wp\/v2\/product_brand?post=1191"},{"taxonomy":"product_cat","embeddable":true,"href":"https:\/\/zerolatencyvr.fr\/cormeilles\/wp-json\/wp\/v2\/product_cat?post=1191"},{"taxonomy":"product_tag","embeddable":true,"href":"https:\/\/zerolatencyvr.fr\/cormeilles\/wp-json\/wp\/v2\/product_tag?post=1191"}],"curies":[{"name":"wp","href":"https:\/\/api.w.org\/{rel}","templated":true}]}}