{"id":129,"date":"2025-04-07T13:06:01","date_gmt":"2025-04-07T10:06:01","guid":{"rendered":"https:\/\/zerolatencyvr.fr\/cormeilles\/?post_type=product&#038;p=129"},"modified":"2026-04-09T20:43:55","modified_gmt":"2026-04-09T19:43:55","slug":"undead-arena","status":"publish","type":"product","link":"https:\/\/zerolatencyvr.fr\/cormeilles\/games\/undead-arena\/","title":{"rendered":"Undead Arena"},"excerpt":{"rendered":"Vous et vos amis \u00eates les stars d\u2019un jeu t\u00e9l\u00e9vis\u00e9 post-apocalyptique dans un monde r\u00e9tro des ann\u00e9es 80.Battez-vous pour vous frayer un chemin dans une ar\u00e8ne \u00e0 plusieurs niveaux pour le plaisir d\u2019une foule avide de chaos et l\u2019amusement d\u2019un animateur de jeux t\u00e9l\u00e9vis\u00e9s tr\u00e8s enthousiaste.Gagnez, et devenez des l\u00e9gendes. Perdez, et rejoignez la horde.Pr\u00e9parez-vous [&hellip;]","protected":false},"featured_media":130,"comment_status":"open","ping_status":"closed","template":"","meta":{"_glsr_average":0,"_glsr_ranking":0,"_glsr_reviews":0},"product_brand":[],"product_cat":[4],"product_tag":[],"class_list":{"0":"post-129","1":"product","2":"type-product","3":"status-publish","4":"has-post-thumbnail","6":"product_cat-jeu-cooperation-aventure-fr-fr","8":"first","9":"instock","10":"shipping-taxable","11":"purchasable","12":"product-type-game"},"jetpack_sharing_enabled":true,"_links":{"self":[{"href":"https:\/\/zerolatencyvr.fr\/cormeilles\/wp-json\/wp\/v2\/product\/129","targetHints":{"allow":["GET"]}}],"collection":[{"href":"https:\/\/zerolatencyvr.fr\/cormeilles\/wp-json\/wp\/v2\/product"}],"about":[{"href":"https:\/\/zerolatencyvr.fr\/cormeilles\/wp-json\/wp\/v2\/types\/product"}],"replies":[{"embeddable":true,"href":"https:\/\/zerolatencyvr.fr\/cormeilles\/wp-json\/wp\/v2\/comments?post=129"}],"wp:featuredmedia":[{"embeddable":true,"href":"https:\/\/zerolatencyvr.fr\/cormeilles\/wp-json\/wp\/v2\/media\/130"}],"wp:attachment":[{"href":"https:\/\/zerolatencyvr.fr\/cormeilles\/wp-json\/wp\/v2\/media?parent=129"}],"wp:term":[{"taxonomy":"product_brand","embeddable":true,"href":"https:\/\/zerolatencyvr.fr\/cormeilles\/wp-json\/wp\/v2\/product_brand?post=129"},{"taxonomy":"product_cat","embeddable":true,"href":"https:\/\/zerolatencyvr.fr\/cormeilles\/wp-json\/wp\/v2\/product_cat?post=129"},{"taxonomy":"product_tag","embeddable":true,"href":"https:\/\/zerolatencyvr.fr\/cormeilles\/wp-json\/wp\/v2\/product_tag?post=129"}],"curies":[{"name":"wp","href":"https:\/\/api.w.org\/{rel}","templated":true}]}}