{"id":142,"date":"2025-04-07T14:01:25","date_gmt":"2025-04-07T11:01:25","guid":{"rendered":"https:\/\/zerolatencyvr.fr\/cormeilles\/?post_type=product&#038;p=142"},"modified":"2026-04-09T20:44:21","modified_gmt":"2026-04-09T19:44:21","slug":"engineerium","status":"publish","type":"product","link":"https:\/\/zerolatencyvr.fr\/cormeilles\/games\/engineerium\/","title":{"rendered":"Engineerium"},"excerpt":{"rendered":"Vous \u00eates transform\u00e9 en un \u00eatre \u00e9th\u00e9r\u00e9 venu d\u2019une civilisation ancienne. Aux c\u00f4t\u00e9s de votre clan, vous devez gravir les niveaux d\u2019un monde mystique et d\u00e9routant : pr\u00e9parez-vous \u00e0 rencontrer des personnages hauts en couleur et \u00e0 d\u00e9couvrir des paysages lumineux et envo\u00fbtants ! Le voyage ne sera pas facile : les anciens mettront \u00e0 [&hellip;]","protected":false},"featured_media":143,"comment_status":"open","ping_status":"closed","template":"","meta":{"_glsr_average":0,"_glsr_ranking":0,"_glsr_reviews":0},"product_brand":[],"product_cat":[6],"product_tag":[],"class_list":{"0":"post-142","1":"product","2":"type-product","3":"status-publish","4":"has-post-thumbnail","6":"product_cat-aventure-decouverte-fr","8":"first","9":"instock","10":"shipping-taxable","11":"purchasable","12":"product-type-game"},"jetpack_sharing_enabled":true,"_links":{"self":[{"href":"https:\/\/zerolatencyvr.fr\/cormeilles\/wp-json\/wp\/v2\/product\/142","targetHints":{"allow":["GET"]}}],"collection":[{"href":"https:\/\/zerolatencyvr.fr\/cormeilles\/wp-json\/wp\/v2\/product"}],"about":[{"href":"https:\/\/zerolatencyvr.fr\/cormeilles\/wp-json\/wp\/v2\/types\/product"}],"replies":[{"embeddable":true,"href":"https:\/\/zerolatencyvr.fr\/cormeilles\/wp-json\/wp\/v2\/comments?post=142"}],"wp:featuredmedia":[{"embeddable":true,"href":"https:\/\/zerolatencyvr.fr\/cormeilles\/wp-json\/wp\/v2\/media\/143"}],"wp:attachment":[{"href":"https:\/\/zerolatencyvr.fr\/cormeilles\/wp-json\/wp\/v2\/media?parent=142"}],"wp:term":[{"taxonomy":"product_brand","embeddable":true,"href":"https:\/\/zerolatencyvr.fr\/cormeilles\/wp-json\/wp\/v2\/product_brand?post=142"},{"taxonomy":"product_cat","embeddable":true,"href":"https:\/\/zerolatencyvr.fr\/cormeilles\/wp-json\/wp\/v2\/product_cat?post=142"},{"taxonomy":"product_tag","embeddable":true,"href":"https:\/\/zerolatencyvr.fr\/cormeilles\/wp-json\/wp\/v2\/product_tag?post=142"}],"curies":[{"name":"wp","href":"https:\/\/api.w.org\/{rel}","templated":true}]}}