{"id":208,"date":"2025-04-07T16:26:41","date_gmt":"2025-04-07T13:26:41","guid":{"rendered":"https:\/\/zerolatencyvr.fr\/cormeilles\/?post_type=product&#038;p=208"},"modified":"2026-04-09T20:41:28","modified_gmt":"2026-04-09T19:41:28","slug":"space-marine","status":"publish","type":"product","link":"https:\/\/zerolatencyvr.fr\/cormeilles\/games\/space-marine\/","title":{"rendered":"Space Marine Warhammer 40,000"},"excerpt":{"rendered":"Vous \u00eates un Space Marine. Un super-soldat g\u00e9n\u00e9tiquement am\u00e9lior\u00e9. Un guerrier hautement disciplin\u00e9 et indomptable. Dans la vaste cit\u00e9-ruche de Fervastium, vous vous enfoncez dans un coffre-fort pour une mission vitale. Si vous r\u00e9ussissez, vous pourrez renverser la vapeur et aider \u00e0 repousser les Tyranides, un essaim extraterrestre d\u00e9vorant venu d\u2019au-del\u00e0 de la galaxie connue. [&hellip;]","protected":false},"featured_media":228,"comment_status":"open","ping_status":"closed","template":"","meta":{"_glsr_average":0,"_glsr_ranking":0,"_glsr_reviews":0},"product_brand":[],"product_cat":[4],"product_tag":[],"class_list":{"0":"post-208","1":"product","2":"type-product","3":"status-publish","4":"has-post-thumbnail","6":"product_cat-jeu-cooperation-aventure-fr-fr","8":"first","9":"instock","10":"featured","11":"shipping-taxable","12":"purchasable","13":"product-type-game"},"jetpack_sharing_enabled":true,"_links":{"self":[{"href":"https:\/\/zerolatencyvr.fr\/cormeilles\/wp-json\/wp\/v2\/product\/208","targetHints":{"allow":["GET"]}}],"collection":[{"href":"https:\/\/zerolatencyvr.fr\/cormeilles\/wp-json\/wp\/v2\/product"}],"about":[{"href":"https:\/\/zerolatencyvr.fr\/cormeilles\/wp-json\/wp\/v2\/types\/product"}],"replies":[{"embeddable":true,"href":"https:\/\/zerolatencyvr.fr\/cormeilles\/wp-json\/wp\/v2\/comments?post=208"}],"wp:featuredmedia":[{"embeddable":true,"href":"https:\/\/zerolatencyvr.fr\/cormeilles\/wp-json\/wp\/v2\/media\/228"}],"wp:attachment":[{"href":"https:\/\/zerolatencyvr.fr\/cormeilles\/wp-json\/wp\/v2\/media?parent=208"}],"wp:term":[{"taxonomy":"product_brand","embeddable":true,"href":"https:\/\/zerolatencyvr.fr\/cormeilles\/wp-json\/wp\/v2\/product_brand?post=208"},{"taxonomy":"product_cat","embeddable":true,"href":"https:\/\/zerolatencyvr.fr\/cormeilles\/wp-json\/wp\/v2\/product_cat?post=208"},{"taxonomy":"product_tag","embeddable":true,"href":"https:\/\/zerolatencyvr.fr\/cormeilles\/wp-json\/wp\/v2\/product_tag?post=208"}],"curies":[{"name":"wp","href":"https:\/\/api.w.org\/{rel}","templated":true}]}}