{"id":133,"date":"2025-06-28T14:14:17","date_gmt":"2025-06-28T13:14:17","guid":{"rendered":"https:\/\/zerolatencyvr.fr\/dammarie-les-lys\/?post_type=product&#038;p=133"},"modified":"2026-03-06T14:27:03","modified_gmt":"2026-03-06T13:27:03","slug":"space-marine-warhammer-40000","status":"publish","type":"product","link":"https:\/\/zerolatencyvr.fr\/dammarie-les-lys\/games\/space-marine-warhammer-40000\/","title":{"rendered":"Space Marine Warhammer 40,000"},"excerpt":{"rendered":"Vous \u00eates un Space Marine. Un super-soldat g\u00e9n\u00e9tiquement am\u00e9lior\u00e9. Un guerrier hautement disciplin\u00e9 et indomptable. Dans la vaste cit\u00e9-ruche de Fervastium, vous vous enfoncez dans un coffre-fort pour une mission vitale. Si vous r\u00e9ussissez, vous pourrez renverser la vapeur et aider \u00e0 repousser les Tyranides, un essaim extraterrestre d\u00e9vorant venu d\u2019au-del\u00e0 de la galaxie connue. [&hellip;]","protected":false},"featured_media":134,"comment_status":"open","ping_status":"closed","template":"","meta":{"_glsr_average":0,"_glsr_ranking":0,"_glsr_reviews":0},"product_brand":[],"product_cat":[4],"product_tag":[],"class_list":{"0":"post-133","1":"product","2":"type-product","3":"status-publish","4":"has-post-thumbnail","6":"product_cat-jeu-cooperation-aventure-fr","8":"first","9":"instock","10":"shipping-taxable","11":"purchasable","12":"product-type-game"},"_links":{"self":[{"href":"https:\/\/zerolatencyvr.fr\/dammarie-les-lys\/wp-json\/wp\/v2\/product\/133","targetHints":{"allow":["GET"]}}],"collection":[{"href":"https:\/\/zerolatencyvr.fr\/dammarie-les-lys\/wp-json\/wp\/v2\/product"}],"about":[{"href":"https:\/\/zerolatencyvr.fr\/dammarie-les-lys\/wp-json\/wp\/v2\/types\/product"}],"replies":[{"embeddable":true,"href":"https:\/\/zerolatencyvr.fr\/dammarie-les-lys\/wp-json\/wp\/v2\/comments?post=133"}],"wp:featuredmedia":[{"embeddable":true,"href":"https:\/\/zerolatencyvr.fr\/dammarie-les-lys\/wp-json\/wp\/v2\/media\/134"}],"wp:attachment":[{"href":"https:\/\/zerolatencyvr.fr\/dammarie-les-lys\/wp-json\/wp\/v2\/media?parent=133"}],"wp:term":[{"taxonomy":"product_brand","embeddable":true,"href":"https:\/\/zerolatencyvr.fr\/dammarie-les-lys\/wp-json\/wp\/v2\/product_brand?post=133"},{"taxonomy":"product_cat","embeddable":true,"href":"https:\/\/zerolatencyvr.fr\/dammarie-les-lys\/wp-json\/wp\/v2\/product_cat?post=133"},{"taxonomy":"product_tag","embeddable":true,"href":"https:\/\/zerolatencyvr.fr\/dammarie-les-lys\/wp-json\/wp\/v2\/product_tag?post=133"}],"curies":[{"name":"wp","href":"https:\/\/api.w.org\/{rel}","templated":true}]}}