{"id":1331,"date":"2025-12-03T18:09:28","date_gmt":"2025-12-03T17:09:28","guid":{"rendered":"https:\/\/zerolatencyvr.fr\/dammarie-les-lys\/?post_type=product&#038;p=1331"},"modified":"2026-03-06T14:25:30","modified_gmt":"2026-03-06T13:25:30","slug":"outbreak-2-2","status":"publish","type":"product","link":"https:\/\/zerolatencyvr.fr\/dammarie-les-lys\/games\/outbreak-2-2\/","title":{"rendered":"Outbreak 2"},"excerpt":{"rendered":"Le cauchemar n\u2019a jamais cess\u00e9. Le monde pensait avoir surv\u00e9cu au premier effondrement, mais au c\u0153ur d\u2019un centre commercial abandonn\u00e9, l\u2019\u00e9picentre de la nouvelle vague d\u2019infection continue de se propager\u2026 et d\u2019\u00e9voluer. Vous faites partie d\u2019une unit\u00e9 envoy\u00e9e au c\u0153ur de la zone. Votre mission est simple : infiltrer le complexe commercial et \u00e9radiquer le [&hellip;]","protected":false},"featured_media":0,"comment_status":"open","ping_status":"closed","template":"","meta":{"_glsr_average":0,"_glsr_ranking":0,"_glsr_reviews":0},"product_brand":[],"product_cat":[4],"product_tag":[],"class_list":{"0":"post-1331","1":"product","2":"type-product","3":"status-publish","5":"product_cat-jeu-cooperation-aventure-fr","7":"first","8":"instock","9":"shipping-taxable","10":"purchasable","11":"product-type-game"},"_links":{"self":[{"href":"https:\/\/zerolatencyvr.fr\/dammarie-les-lys\/wp-json\/wp\/v2\/product\/1331","targetHints":{"allow":["GET"]}}],"collection":[{"href":"https:\/\/zerolatencyvr.fr\/dammarie-les-lys\/wp-json\/wp\/v2\/product"}],"about":[{"href":"https:\/\/zerolatencyvr.fr\/dammarie-les-lys\/wp-json\/wp\/v2\/types\/product"}],"replies":[{"embeddable":true,"href":"https:\/\/zerolatencyvr.fr\/dammarie-les-lys\/wp-json\/wp\/v2\/comments?post=1331"}],"wp:attachment":[{"href":"https:\/\/zerolatencyvr.fr\/dammarie-les-lys\/wp-json\/wp\/v2\/media?parent=1331"}],"wp:term":[{"taxonomy":"product_brand","embeddable":true,"href":"https:\/\/zerolatencyvr.fr\/dammarie-les-lys\/wp-json\/wp\/v2\/product_brand?post=1331"},{"taxonomy":"product_cat","embeddable":true,"href":"https:\/\/zerolatencyvr.fr\/dammarie-les-lys\/wp-json\/wp\/v2\/product_cat?post=1331"},{"taxonomy":"product_tag","embeddable":true,"href":"https:\/\/zerolatencyvr.fr\/dammarie-les-lys\/wp-json\/wp\/v2\/product_tag?post=1331"}],"curies":[{"name":"wp","href":"https:\/\/api.w.org\/{rel}","templated":true}]}}