{"id":155,"date":"2025-06-28T14:27:42","date_gmt":"2025-06-28T13:27:42","guid":{"rendered":"https:\/\/zerolatencyvr.fr\/dammarie-les-lys\/?post_type=product&#038;p=155"},"modified":"2026-03-06T14:28:09","modified_gmt":"2026-03-06T13:28:09","slug":"singularity","status":"publish","type":"product","link":"https:\/\/zerolatencyvr.fr\/dammarie-les-lys\/games\/singularity\/","title":{"rendered":"Singularity"},"excerpt":{"rendered":"Une station spatiale militaire secr\u00e8te a disparu. Vous et votre \u00e9quipe devez monter sur ce truc et enqu\u00eater. Aucun signe de vie d\u00e9tect\u00e9\u2026 de vie humaine en tout cas. EXPLORER L&#8217;INCONNUVotre voyage dans l\u2019espace commence, mais les r\u00e9ponses que vous trouverez vous m\u00e8neront-elles \u00e0 votre perte ? Vos bottes de gravit\u00e9 vous permettront peut-\u00eatre de [&hellip;]","protected":false},"featured_media":156,"comment_status":"open","ping_status":"closed","template":"","meta":{"_glsr_average":0,"_glsr_ranking":0,"_glsr_reviews":0},"product_brand":[],"product_cat":[4],"product_tag":[],"class_list":{"0":"post-155","1":"product","2":"type-product","3":"status-publish","4":"has-post-thumbnail","6":"product_cat-jeu-cooperation-aventure-fr","8":"first","9":"instock","10":"shipping-taxable","11":"purchasable","12":"product-type-game"},"_links":{"self":[{"href":"https:\/\/zerolatencyvr.fr\/dammarie-les-lys\/wp-json\/wp\/v2\/product\/155","targetHints":{"allow":["GET"]}}],"collection":[{"href":"https:\/\/zerolatencyvr.fr\/dammarie-les-lys\/wp-json\/wp\/v2\/product"}],"about":[{"href":"https:\/\/zerolatencyvr.fr\/dammarie-les-lys\/wp-json\/wp\/v2\/types\/product"}],"replies":[{"embeddable":true,"href":"https:\/\/zerolatencyvr.fr\/dammarie-les-lys\/wp-json\/wp\/v2\/comments?post=155"}],"wp:featuredmedia":[{"embeddable":true,"href":"https:\/\/zerolatencyvr.fr\/dammarie-les-lys\/wp-json\/wp\/v2\/media\/156"}],"wp:attachment":[{"href":"https:\/\/zerolatencyvr.fr\/dammarie-les-lys\/wp-json\/wp\/v2\/media?parent=155"}],"wp:term":[{"taxonomy":"product_brand","embeddable":true,"href":"https:\/\/zerolatencyvr.fr\/dammarie-les-lys\/wp-json\/wp\/v2\/product_brand?post=155"},{"taxonomy":"product_cat","embeddable":true,"href":"https:\/\/zerolatencyvr.fr\/dammarie-les-lys\/wp-json\/wp\/v2\/product_cat?post=155"},{"taxonomy":"product_tag","embeddable":true,"href":"https:\/\/zerolatencyvr.fr\/dammarie-les-lys\/wp-json\/wp\/v2\/product_tag?post=155"}],"curies":[{"name":"wp","href":"https:\/\/api.w.org\/{rel}","templated":true}]}}