{"id":92,"date":"2025-06-28T11:28:47","date_gmt":"2025-06-28T10:28:47","guid":{"rendered":"https:\/\/zerolatencyvr.fr\/dammarie-les-lys\/?post_type=product&#038;p=92"},"modified":"2026-03-06T14:26:03","modified_gmt":"2026-03-06T13:26:03","slug":"sol-raiders","status":"publish","type":"product","link":"https:\/\/zerolatencyvr.fr\/dammarie-les-lys\/games\/sol-raiders\/","title":{"rendered":"Sol Raiders"},"excerpt":{"rendered":"La Terre n\u2019est plus\u2026Les derniers vestiges de l\u2019humanit\u00e9 voyagent \u00e0 travers l\u2019univers \u00e0 la recherche de nouveaux mondes\u2026 et de nouvelles richesses.Les extraterrestres ont laiss\u00e9 derri\u00e8re eux le Sol, une source d\u2019\u00e9nergie unique en son genre. Si vous r\u00e9cup\u00e9rez le Sol, vous \u00eates au sommet.Mais ce ne sera pas facile, car tout le monde le [&hellip;]","protected":false},"featured_media":96,"comment_status":"open","ping_status":"closed","template":"","meta":{"_glsr_average":0,"_glsr_ranking":0,"_glsr_reviews":0},"product_brand":[],"product_cat":[5],"product_tag":[],"class_list":{"0":"post-92","1":"product","2":"type-product","3":"status-publish","4":"has-post-thumbnail","6":"product_cat-battle-joueur-contre-joueur-fr","8":"first","9":"instock","10":"shipping-taxable","11":"purchasable","12":"product-type-game"},"_links":{"self":[{"href":"https:\/\/zerolatencyvr.fr\/dammarie-les-lys\/wp-json\/wp\/v2\/product\/92","targetHints":{"allow":["GET"]}}],"collection":[{"href":"https:\/\/zerolatencyvr.fr\/dammarie-les-lys\/wp-json\/wp\/v2\/product"}],"about":[{"href":"https:\/\/zerolatencyvr.fr\/dammarie-les-lys\/wp-json\/wp\/v2\/types\/product"}],"replies":[{"embeddable":true,"href":"https:\/\/zerolatencyvr.fr\/dammarie-les-lys\/wp-json\/wp\/v2\/comments?post=92"}],"wp:featuredmedia":[{"embeddable":true,"href":"https:\/\/zerolatencyvr.fr\/dammarie-les-lys\/wp-json\/wp\/v2\/media\/96"}],"wp:attachment":[{"href":"https:\/\/zerolatencyvr.fr\/dammarie-les-lys\/wp-json\/wp\/v2\/media?parent=92"}],"wp:term":[{"taxonomy":"product_brand","embeddable":true,"href":"https:\/\/zerolatencyvr.fr\/dammarie-les-lys\/wp-json\/wp\/v2\/product_brand?post=92"},{"taxonomy":"product_cat","embeddable":true,"href":"https:\/\/zerolatencyvr.fr\/dammarie-les-lys\/wp-json\/wp\/v2\/product_cat?post=92"},{"taxonomy":"product_tag","embeddable":true,"href":"https:\/\/zerolatencyvr.fr\/dammarie-les-lys\/wp-json\/wp\/v2\/product_tag?post=92"}],"curies":[{"name":"wp","href":"https:\/\/api.w.org\/{rel}","templated":true}]}}