{"id":980,"date":"2025-10-03T15:56:43","date_gmt":"2025-10-03T14:56:43","guid":{"rendered":"https:\/\/zerolatencyvr.fr\/dammarie-les-lys\/?post_type=product&#038;p=980"},"modified":"2026-03-06T14:25:44","modified_gmt":"2026-03-06T13:25:44","slug":"haunted","status":"publish","type":"product","link":"https:\/\/zerolatencyvr.fr\/dammarie-les-lys\/games\/haunted\/","title":{"rendered":"Haunted"},"excerpt":{"rendered":"Vous \u00eates pi\u00e9g\u00e9 dans une maison o\u00f9 chaque pi\u00e8ce respire la mort et la folie. Les murs suintent de secrets oubli\u00e9s, les planchers grincent sous des pas qui ne sont pas les v\u00f4tres, et dans l\u2019ombre,\u00a0Elle\u00a0vous observe\u2026 une pr\u00e9sence f\u00e9minine, implacable, qui ne vous laissera aucun r\u00e9pit. Vous n\u2019\u00eates pas seul dans cet enfer : [&hellip;]","protected":false},"featured_media":1007,"comment_status":"open","ping_status":"closed","template":"","meta":{"_glsr_average":0,"_glsr_ranking":0,"_glsr_reviews":0},"product_brand":[],"product_cat":[4],"product_tag":[],"class_list":{"0":"post-980","1":"product","2":"type-product","3":"status-publish","4":"has-post-thumbnail","6":"product_cat-jeu-cooperation-aventure-fr","8":"first","9":"instock","10":"shipping-taxable","11":"purchasable","12":"product-type-game"},"_links":{"self":[{"href":"https:\/\/zerolatencyvr.fr\/dammarie-les-lys\/wp-json\/wp\/v2\/product\/980","targetHints":{"allow":["GET"]}}],"collection":[{"href":"https:\/\/zerolatencyvr.fr\/dammarie-les-lys\/wp-json\/wp\/v2\/product"}],"about":[{"href":"https:\/\/zerolatencyvr.fr\/dammarie-les-lys\/wp-json\/wp\/v2\/types\/product"}],"replies":[{"embeddable":true,"href":"https:\/\/zerolatencyvr.fr\/dammarie-les-lys\/wp-json\/wp\/v2\/comments?post=980"}],"wp:featuredmedia":[{"embeddable":true,"href":"https:\/\/zerolatencyvr.fr\/dammarie-les-lys\/wp-json\/wp\/v2\/media\/1007"}],"wp:attachment":[{"href":"https:\/\/zerolatencyvr.fr\/dammarie-les-lys\/wp-json\/wp\/v2\/media?parent=980"}],"wp:term":[{"taxonomy":"product_brand","embeddable":true,"href":"https:\/\/zerolatencyvr.fr\/dammarie-les-lys\/wp-json\/wp\/v2\/product_brand?post=980"},{"taxonomy":"product_cat","embeddable":true,"href":"https:\/\/zerolatencyvr.fr\/dammarie-les-lys\/wp-json\/wp\/v2\/product_cat?post=980"},{"taxonomy":"product_tag","embeddable":true,"href":"https:\/\/zerolatencyvr.fr\/dammarie-les-lys\/wp-json\/wp\/v2\/product_tag?post=980"}],"curies":[{"name":"wp","href":"https:\/\/api.w.org\/{rel}","templated":true}]}}